{"id":614,"date":"2025-03-26T17:40:36","date_gmt":"2025-03-26T17:40:36","guid":{"rendered":"https:\/\/defensys.pl\/?page_id=614"},"modified":"2025-03-26T17:40:36","modified_gmt":"2025-03-26T17:40:36","slug":"wsparcie","status":"publish","type":"page","link":"https:\/\/defensys.pl\/index.php\/oferta\/wsparcie\/","title":{"rendered":"Wsparcie"},"content":{"rendered":"\n<div class=\"wp-block-group alignfull is-layout-constrained wp-container-core-group-is-layout-c1a2593c wp-block-group-is-layout-constrained\" style=\"margin-top:var(--wp--preset--spacing--60);margin-bottom:var(--wp--preset--spacing--60);padding-top:var(--wp--preset--spacing--40);padding-right:var(--wp--preset--spacing--30);padding-bottom:0px;padding-left:var(--wp--preset--spacing--30)\">\n<div class=\"wp-block-group nas-consulting-lite-fade-up is-layout-constrained wp-container-core-group-is-layout-ad87464f wp-block-group-is-layout-constrained\">\n<p class=\"has-text-align-center has-dark-color-color has-text-color has-link-color wp-elements-40dd7b3909b00b62ce09ba88595e688e\" style=\"margin-top:12px\">Oferujemy kompleksowe wsparcie techniczne, zapewniaj\u0105c szybk\u0105 reakcj\u0119 na zg\u0142oszenia, zdaln\u0105 diagnostyk\u0119 oraz rozwi\u0105zywanie problem\u00f3w, aby utrzyma\u0107 p\u0142ynne dzia\u0142anie infrastruktury IT naszych klient\u00f3w.<\/p>\n\n\n\n<p class=\"has-text-align-center has-dark-color-color has-text-color has-link-color wp-elements-1f3e91a9a3b41a0debdb6ad751619e9f\" style=\"margin-top:12px\">Dodatkowo prowadzimy specjalistyczne szkolenia dla u\u017cytkownik\u00f3w i administrator\u00f3w, dostosowane do ich poziomu wiedzy i potrzeb, aby efektywnie wykorzystywa\u0107 wdro\u017cone rozwi\u0105zania technologiczne.<\/p>\n<\/div>\n\n\n\n<div class=\"wp-block-group is-layout-constrained wp-container-core-group-is-layout-f1addd9b wp-block-group-is-layout-constrained\" style=\"margin-top:0;margin-bottom:0;padding-top:var(--wp--preset--spacing--60);padding-bottom:var(--wp--preset--spacing--60)\">\n<div class=\"flip-container nas-consulting-lite-fade-up\">\n  <div class=\"flipper\">\n    <div class=\"front\">\n      <h3 class=\"card-title\">Wsparcie techniczne<\/h3>\n      <div class=\"content-wrapper\">\n        <div class=\"icon-container\">\n          <img decoding=\"async\" src=\"http:\/\/defensys.pl\/wp-content\/uploads\/2025\/03\/support2.png\" alt=\"Ikona\" class=\"icon\">\n          <div class=\"vertical-line\"><\/div>\n        <\/div>\n        <div class=\"front-text\">Sprawnie dzia\u0142aj\u0105ca infrastruktura IT to fundament ka\u017cdej nowoczesnej firmy, dlatego szybkie i skuteczne wsparcie techniczne jest kluczowe dla jej nieprzerwanego funkcjonowania. Oferujemy kompleksow\u0105 pomoc IT, kt\u00f3ra minimalizuje ryzyko przestoj\u00f3w, optymalizuje dzia\u0142anie system\u00f3w i zapewnia bezpiecze\u0144stwo danych.<\/div>\n      <\/div>\n    <\/div>\n    <div class=\"back\">\n      <div class=\"back-text\">\u015awiadczymy profesjonalne wsparcie techniczne w zakresie dostarczanych przez nas rozwi\u0105za\u0144, obejmuj\u0105ce serwery, systemy storage, backup, sieci oraz bezpiecze\u0144stwo IT. Nasi specjali\u015bci pomagaj\u0105 w bie\u017c\u0105cej administracji, diagnozowaniu problem\u00f3w i ich szybkim rozwi\u0105zywaniu, aby zapewni\u0107 stabilno\u015b\u0107 infrastruktury. Dzi\u0119ki proaktywnemu podej\u015bciu monitorujemy stan system\u00f3w i zapobiegamy awariom, gwarantuj\u0105c p\u0142ynne dzia\u0142anie Twojego biznesu.<\/div>\n    <\/div>\n  <\/div>\n<\/div>\n\n\n\n<div class=\"flip-container nas-consulting-lite-fade-up\">\n  <div class=\"flipper\">\n    <div class=\"front\">\n      <h3 class=\"card-title\">Specjalistyczne szkolenia<\/h3>\n      <div class=\"content-wrapper\">\n        <div class=\"icon-container\">\n          <img decoding=\"async\" src=\"http:\/\/defensys.pl\/wp-content\/uploads\/2025\/03\/szkol.png\" alt=\"Ikona\" class=\"icon\">\n          <div class=\"vertical-line\"><\/div>\n        <\/div>\n        <div class=\"front-text\">Regularne szkolenia IT to klucz do utrzymania wysokiego poziomu bezpiecze\u0144stwa i sprawnego zarz\u0105dzania infrastruktur\u0105 w firmie. Dlatego oferujemy profesjonalne kursy, kt\u00f3re pomagaj\u0105 zespo\u0142om IT rozwija\u0107 umiej\u0119tno\u015bci i lepiej reagowa\u0107 na wyzwania technologiczne.<\/div>\n      <\/div>\n    <\/div>\n    <div class=\"back\">\n      <div class=\"back-text\">Szkolimy z zakresu dostarczanych przez nas rozwi\u0105za\u0144, obejmuj\u0105cych cyberbezpiecze\u0144stwo, administracj\u0119 serwerami, systemy backupu, monitoring IT oraz zarz\u0105dzanie sieciami. Nasze szkolenia \u0142\u0105cz\u0105 teori\u0119 z praktyk\u0105, umo\u017cliwiaj\u0105c uczestnikom zdobycie realnych umiej\u0119tno\u015bci potrzebnych w codziennej pracy. Dzi\u0119ki temu Tw\u00f3j zesp\u00f3\u0142 zyskuje nie tylko aktualn\u0105 wiedz\u0119, ale tak\u017ce pewno\u015b\u0107 w skutecznym zarz\u0105dzaniu infrastruktur\u0105 IT.<\/div>\n    <\/div>\n  <\/div>\n<\/div>\n<\/div>\n<\/div>\n\n\n\n<div class=\"wp-block-group has-primary-background-color has-background is-layout-constrained wp-container-core-group-is-layout-bc748be1 wp-block-group-is-layout-constrained\" style=\"padding-top:var(--wp--preset--spacing--80);padding-right:var(--wp--preset--spacing--40);padding-bottom:var(--wp--preset--spacing--80);padding-left:var(--wp--preset--spacing--40)\">\n<h2 class=\"wp-block-heading has-text-align-center nas-consulting-lite-fade-up\">Jeste\u015b zainteresowany nasz\u0105 ofert\u0105? <\/h2>\n\n\n\n<div class=\"wp-block-buttons nas-consulting-lite-zoom-in delay-1s is-content-justification-center is-layout-flex wp-container-core-buttons-is-layout-8074a74b wp-block-buttons-is-layout-flex\" style=\"margin-top:30px;padding-top:0;padding-bottom:0\">\n<div class=\"wp-block-button has-custom-font-size is-style-button-hover-secondary-bgcolor is-style-fill has-normal-font-size\" style=\"font-style:normal;font-weight:500\"><a class=\"wp-block-button__link has-dark-color-color has-white-background-color has-text-color has-background has-link-color wp-element-button\" href=\"https:\/\/defensys.pl\/index.php\/kontakt\/\" style=\"border-radius:7px;padding-top:var(--wp--preset--spacing--40);padding-right:var(--wp--preset--spacing--70);padding-bottom:var(--wp--preset--spacing--40);padding-left:var(--wp--preset--spacing--70)\">Skontaktuj si\u0119 z nami!<\/a><\/div>\n<\/div>\n<\/div>\n","protected":false},"excerpt":{"rendered":"","protected":false},"author":1,"featured_media":0,"parent":444,"menu_order":0,"comment_status":"closed","ping_status":"closed","template":"blank-with-header-footer","meta":{"footnotes":""},"class_list":["post-614","page","type-page","status-publish","hentry"],"_links":{"self":[{"href":"https:\/\/defensys.pl\/index.php\/wp-json\/wp\/v2\/pages\/614","targetHints":{"allow":["GET"]}}],"collection":[{"href":"https:\/\/defensys.pl\/index.php\/wp-json\/wp\/v2\/pages"}],"about":[{"href":"https:\/\/defensys.pl\/index.php\/wp-json\/wp\/v2\/types\/page"}],"author":[{"embeddable":true,"href":"https:\/\/defensys.pl\/index.php\/wp-json\/wp\/v2\/users\/1"}],"replies":[{"embeddable":true,"href":"https:\/\/defensys.pl\/index.php\/wp-json\/wp\/v2\/comments?post=614"}],"version-history":[{"count":1,"href":"https:\/\/defensys.pl\/index.php\/wp-json\/wp\/v2\/pages\/614\/revisions"}],"predecessor-version":[{"id":616,"href":"https:\/\/defensys.pl\/index.php\/wp-json\/wp\/v2\/pages\/614\/revisions\/616"}],"up":[{"embeddable":true,"href":"https:\/\/defensys.pl\/index.php\/wp-json\/wp\/v2\/pages\/444"}],"wp:attachment":[{"href":"https:\/\/defensys.pl\/index.php\/wp-json\/wp\/v2\/media?parent=614"}],"curies":[{"name":"wp","href":"https:\/\/api.w.org\/{rel}","templated":true}]}}