{"id":513,"date":"2025-03-25T15:08:39","date_gmt":"2025-03-25T15:08:39","guid":{"rendered":"https:\/\/defensys.pl\/?page_id=513"},"modified":"2025-03-25T16:17:32","modified_gmt":"2025-03-25T16:17:32","slug":"kariera","status":"publish","type":"page","link":"https:\/\/defensys.pl\/index.php\/kariera\/","title":{"rendered":"Kariera"},"content":{"rendered":"\n<main class=\"wp-block-group has-light-color-background-color has-background is-layout-constrained wp-container-core-group-is-layout-35a7dd1d wp-block-group-is-layout-constrained\" style=\"margin-top:var(--wp--preset--spacing--60);margin-bottom:var(--wp--preset--spacing--60);padding-top:var(--wp--preset--spacing--40);padding-right:var(--wp--preset--spacing--30);padding-bottom:0;padding-left:var(--wp--preset--spacing--30)\">\n<div class=\"wp-block-group alignfull is-layout-constrained wp-container-core-group-is-layout-3873933c wp-block-group-is-layout-constrained\" style=\"margin-top:0;margin-bottom:0;padding-top:30px;padding-right:var(--wp--preset--spacing--30);padding-bottom:100px;padding-left:var(--wp--preset--spacing--40)\">\n<div class=\"wp-block-group nas-consulting-lite-fade-up is-layout-constrained wp-container-core-group-is-layout-ad87464f wp-block-group-is-layout-constrained\">\n<h1 class=\"wp-block-heading has-text-align-center has-heading-color-color has-text-color has-link-color wp-elements-4b460059befd3f18aea5c48730269319\">Do\u0142\u0105cz do naszego zespo\u0142u!<\/h1>\n\n\n\n<p class=\"has-text-align-center\" style=\"margin-top:12px\">Od pocz\u0105tku istnienia stawiamy na <strong>wiedz\u0119 i do\u015bwiadczenie<\/strong>. Wierzymy, \u017ce tylko najlepsi specjali\u015bci s\u0105 w stanie \u015bwiadczy\u0107 us\u0142ugi na najwy\u017cszym poziomie. Szukasz nowych zawodowych wyzwa\u0144 i chcesz rozwija\u0107 si\u0119 pod okiem specjalist\u00f3w z bran\u017cy? Wy\u015blij do nas swoje zg\u0142oszenie.<\/p>\n<\/div>\n\n\n\n<div class=\"wp-block-columns nas-consulting-lite-flip-up is-layout-flex wp-container-core-columns-is-layout-ce3b24c9 wp-block-columns-is-layout-flex\" style=\"margin-top:60px\">\n<div class=\"wp-block-column is-layout-flow wp-block-column-is-layout-flow\">\n<div class=\"wp-block-group is-style-nas-consulting-lite-boxshadow-medium has-primary-background-color has-background is-layout-constrained wp-container-core-group-is-layout-f109952b wp-block-group-is-layout-constrained\" style=\"border-style:none;border-width:0px;border-radius:0px;margin-top:0;margin-bottom:0;padding-top:40px;padding-right:40px;padding-bottom:40px;padding-left:40px\">\n<figure class=\"wp-block-image aligncenter size-full is-resized has-custom-border wp-duotone-000000-rgb000-1\"><img decoding=\"async\" src=\"https:\/\/defensys.pl\/wp-content\/themes\/nas-consulting-lite\/assets\/images\/service_2.png\" alt=\"\" class=\"wp-image-2022\" style=\"border-style:none;border-width:0px;border-radius:50%;object-fit:cover;width:113px;height:113px\"\/><\/figure>\n\n\n\n<div class=\"wp-block-group is-layout-constrained wp-container-core-group-is-layout-92b9201d wp-block-group-is-layout-constrained\">\n<h4 class=\"wp-block-heading has-text-align-center has-light-shade-color has-text-color has-link-color has-big-font-size wp-elements-8ede191e06c58d58f9b01d69d6619850\" style=\"margin-top:24px\">Aktualnie nie prowadzimy rekrutacji<\/h4>\n\n\n\n<p class=\"has-text-align-center has-light-shade-color has-text-color has-link-color wp-elements-c8740d0949c342b8ff50b6c3ba0baf4d\"><\/p>\n\n\n\n<div class=\"wp-block-buttons is-content-justification-center is-layout-flex wp-container-core-buttons-is-layout-33590bc7 wp-block-buttons-is-layout-flex\" style=\"margin-top:24px\">\n<div class=\"wp-block-button is-style-button-hover-secondary-bgcolor\" style=\"text-transform:none\"><a class=\"wp-block-button__link has-heading-color-color has-light-shade-background-color has-text-color has-background has-link-color has-border-color has-meta-color-border-color wp-element-button\" style=\"border-width:1px;border-radius:5px;padding-top:9px;padding-right:var(--wp--preset--spacing--50);padding-bottom:9px;padding-left:var(--wp--preset--spacing--50)\">Zobacz wi\u0119cej<\/a><\/div>\n<\/div>\n<\/div>\n<\/div>\n<\/div>\n<\/div>\n<\/div>\n<\/main>\n","protected":false},"excerpt":{"rendered":"","protected":false},"author":1,"featured_media":0,"parent":0,"menu_order":0,"comment_status":"closed","ping_status":"closed","template":"blank-with-header-footer","meta":{"footnotes":""},"class_list":["post-513","page","type-page","status-publish","hentry"],"_links":{"self":[{"href":"https:\/\/defensys.pl\/index.php\/wp-json\/wp\/v2\/pages\/513","targetHints":{"allow":["GET"]}}],"collection":[{"href":"https:\/\/defensys.pl\/index.php\/wp-json\/wp\/v2\/pages"}],"about":[{"href":"https:\/\/defensys.pl\/index.php\/wp-json\/wp\/v2\/types\/page"}],"author":[{"embeddable":true,"href":"https:\/\/defensys.pl\/index.php\/wp-json\/wp\/v2\/users\/1"}],"replies":[{"embeddable":true,"href":"https:\/\/defensys.pl\/index.php\/wp-json\/wp\/v2\/comments?post=513"}],"version-history":[{"count":3,"href":"https:\/\/defensys.pl\/index.php\/wp-json\/wp\/v2\/pages\/513\/revisions"}],"predecessor-version":[{"id":528,"href":"https:\/\/defensys.pl\/index.php\/wp-json\/wp\/v2\/pages\/513\/revisions\/528"}],"wp:attachment":[{"href":"https:\/\/defensys.pl\/index.php\/wp-json\/wp\/v2\/media?parent=513"}],"curies":[{"name":"wp","href":"https:\/\/api.w.org\/{rel}","templated":true}]}}