{"id":444,"date":"2025-03-25T11:12:56","date_gmt":"2025-03-25T11:12:56","guid":{"rendered":"https:\/\/defensys.pl\/?page_id=444"},"modified":"2025-03-25T11:12:56","modified_gmt":"2025-03-25T11:12:56","slug":"oferta","status":"publish","type":"page","link":"https:\/\/defensys.pl\/index.php\/oferta\/","title":{"rendered":"Oferta"},"content":{"rendered":"\n<main class=\"wp-block-group has-light-color-background-color has-background is-layout-constrained wp-container-core-group-is-layout-6115b016 wp-block-group-is-layout-constrained\" style=\"margin-top:0;margin-bottom:0;padding-top:var(--wp--preset--spacing--70);padding-right:0;padding-bottom:0;padding-left:0\">\n<div class=\"wp-block-group is-layout-constrained wp-container-core-group-is-layout-76126673 wp-block-group-is-layout-constrained\" style=\"margin-top:var(--wp--preset--spacing--50);margin-bottom:var(--wp--preset--spacing--50);padding-top:0;padding-right:var(--wp--preset--spacing--40);padding-bottom:var(--wp--preset--spacing--70);padding-left:var(--wp--preset--spacing--40)\">\n<div class=\"wp-block-columns are-vertically-aligned-center nas-consulting-lite-fade-up is-layout-flex wp-container-core-columns-is-layout-9cf8123d wp-block-columns-is-layout-flex\">\n<div class=\"wp-block-column is-vertically-aligned-center is-layout-flow wp-block-column-is-layout-flow\">\n<figure class=\"wp-block-image size-full has-custom-border\"><img loading=\"lazy\" decoding=\"async\" width=\"1334\" height=\"1334\" src=\"https:\/\/defensys.pl\/wp-content\/uploads\/2025\/03\/2150041847-edited.jpg\" alt=\"\" class=\"wp-image-456\" style=\"border-radius:20px;aspect-ratio:3\/2;object-fit:cover\" srcset=\"https:\/\/defensys.pl\/wp-content\/uploads\/2025\/03\/2150041847-edited.jpg 1334w, https:\/\/defensys.pl\/wp-content\/uploads\/2025\/03\/2150041847-edited-300x300.jpg 300w, https:\/\/defensys.pl\/wp-content\/uploads\/2025\/03\/2150041847-edited-1024x1024.jpg 1024w, https:\/\/defensys.pl\/wp-content\/uploads\/2025\/03\/2150041847-edited-150x150.jpg 150w, https:\/\/defensys.pl\/wp-content\/uploads\/2025\/03\/2150041847-edited-768x768.jpg 768w\" sizes=\"auto, (max-width: 1334px) 100vw, 1334px\" \/><\/figure>\n<\/div>\n\n\n\n<div class=\"wp-block-column is-vertically-aligned-center is-layout-flow wp-block-column-is-layout-flow\">\n<h3 class=\"wp-block-heading has-large-font-size\" style=\"font-style:normal;font-weight:600\"><strong>Bezpiecze\u0144stwo IT<\/strong><\/h3>\n\n\n\n<p class=\"has-dark-color-color has-text-color has-link-color wp-elements-0c5ecdaa955726c4ba2781320b480cb2\">W dzisiejszych czasach cyberbezpiecze\u0144stwo stanowi jeden z kluczowych element\u00f3w zapewnienia stabilno\u015bci i ochrony dzia\u0142alno\u015bci ka\u017cdej firmy. Wychodz\u0105c naprzeciw rosn\u0105cym zagro\u017ceniom, oferujemy kompleksowe us\u0142ugi i rozwi\u0105zania z zakresu bezpiecze\u0144stwa IT, dostosowane do indywidualnych potrzeb naszych klient\u00f3w.<\/p>\n\n\n\n<div class=\"wp-block-buttons is-layout-flex wp-block-buttons-is-layout-flex\">\n<div class=\"wp-block-button is-style-button-hover-secondary-bgcolor\" style=\"font-style:normal;font-weight:500\"><a class=\"wp-block-button__link has-white-color has-text-color has-link-color wp-element-button\" href=\"https:\/\/defensys.pl\/index.php\/bezpieczenstwo-it\/\" style=\"border-radius:7px;padding-top:var(--wp--preset--spacing--40);padding-right:var(--wp--preset--spacing--50);padding-bottom:var(--wp--preset--spacing--40);padding-left:var(--wp--preset--spacing--50)\">Zobacz wi\u0119cej<\/a><\/div>\n<\/div>\n<\/div>\n<\/div>\n\n\n\n<div class=\"wp-block-columns are-vertically-aligned-center nas-consulting-lite-fade-up is-layout-flex wp-container-core-columns-is-layout-9cf8123d wp-block-columns-is-layout-flex\">\n<div class=\"wp-block-column is-vertically-aligned-center is-layout-flow wp-block-column-is-layout-flow\">\n<h3 class=\"wp-block-heading has-large-font-size\" style=\"font-style:normal;font-weight:600\"><strong>Infrastruktura IT<\/strong><\/h3>\n\n\n\n<p class=\"has-dark-color-color has-text-color has-link-color wp-elements-0b93fe9403eec2c326da5044ff00fc0a\">Wsp\u00f3\u0142czesna infrastruktura IT stanowi fundament sprawnego funkcjonowania ka\u017cdej organizacji. Oferujemy kompleksowe us\u0142ugi w zakresie projektowania, wdra\u017cania i utrzymania infrastruktury IT, dostosowane do specyficznych potrzeb naszych klient\u00f3w. Nasze rozwi\u0105zania zapewniaj\u0105 wysok\u0105 wydajno\u015b\u0107, skalowalno\u015b\u0107 oraz bezpiecze\u0144stwo system\u00f3w informatycznych.<\/p>\n\n\n\n<div class=\"wp-block-buttons is-layout-flex wp-block-buttons-is-layout-flex\">\n<div class=\"wp-block-button\" style=\"font-style:normal;font-weight:500\"><a class=\"wp-block-button__link has-white-color has-text-color has-link-color wp-element-button\" href=\"https:\/\/defensys.pl\/index.php\/oferta\/infrastruktura-it\/\" style=\"border-radius:7px;padding-top:var(--wp--preset--spacing--40);padding-right:var(--wp--preset--spacing--50);padding-bottom:var(--wp--preset--spacing--40);padding-left:var(--wp--preset--spacing--50)\">Zobacz wi\u0119cej<\/a><\/div>\n<\/div>\n<\/div>\n\n\n\n<div class=\"wp-block-column is-vertically-aligned-center is-layout-flow wp-block-column-is-layout-flow\">\n<figure class=\"wp-block-image size-full has-custom-border\"><img loading=\"lazy\" decoding=\"async\" width=\"1333\" height=\"889\" src=\"https:\/\/defensys.pl\/wp-content\/uploads\/2025\/03\/80194-edited-1.jpg\" alt=\"\" class=\"wp-image-703\" style=\"border-radius:20px;aspect-ratio:3\/2;object-fit:cover\" srcset=\"https:\/\/defensys.pl\/wp-content\/uploads\/2025\/03\/80194-edited-1.jpg 1333w, https:\/\/defensys.pl\/wp-content\/uploads\/2025\/03\/80194-edited-1-300x200.jpg 300w, https:\/\/defensys.pl\/wp-content\/uploads\/2025\/03\/80194-edited-1-1024x683.jpg 1024w, https:\/\/defensys.pl\/wp-content\/uploads\/2025\/03\/80194-edited-1-768x512.jpg 768w\" sizes=\"auto, (max-width: 1333px) 100vw, 1333px\" \/><\/figure>\n<\/div>\n<\/div>\n\n\n\n<div class=\"wp-block-columns are-vertically-aligned-center nas-consulting-lite-fade-up is-layout-flex wp-container-core-columns-is-layout-9cf8123d wp-block-columns-is-layout-flex\">\n<div class=\"wp-block-column is-vertically-aligned-center is-layout-flow wp-block-column-is-layout-flow\">\n<figure class=\"wp-block-image size-full has-custom-border\"><img loading=\"lazy\" decoding=\"async\" width=\"1335\" height=\"890\" src=\"https:\/\/defensys.pl\/wp-content\/uploads\/2025\/03\/125154-edited-1.jpg\" alt=\"\" class=\"wp-image-702\" style=\"border-radius:20px;aspect-ratio:3\/2;object-fit:cover\" srcset=\"https:\/\/defensys.pl\/wp-content\/uploads\/2025\/03\/125154-edited-1.jpg 1335w, https:\/\/defensys.pl\/wp-content\/uploads\/2025\/03\/125154-edited-1-300x200.jpg 300w, https:\/\/defensys.pl\/wp-content\/uploads\/2025\/03\/125154-edited-1-1024x683.jpg 1024w, https:\/\/defensys.pl\/wp-content\/uploads\/2025\/03\/125154-edited-1-768x512.jpg 768w\" sizes=\"auto, (max-width: 1335px) 100vw, 1335px\" \/><\/figure>\n<\/div>\n\n\n\n<div class=\"wp-block-column is-vertically-aligned-center is-layout-flow wp-block-column-is-layout-flow\">\n<h3 class=\"wp-block-heading has-large-font-size\" style=\"font-style:normal;font-weight:600\"><strong>Wsparcie techniczne<\/strong><\/h3>\n\n\n\n<p class=\"has-dark-color-color has-text-color has-link-color wp-elements-bc1dd76ec74baad41afc3f8c01cf3a3a\">Sprawne funkcjonowanie system\u00f3w informatycznych jest kluczowe dla ka\u017cdej organizacji. Oferujemy profesjonalne wsparcie IT, obejmuj\u0105ce konsultacje, serwis, administracj\u0119 oraz bie\u017c\u0105c\u0105 pomoc techniczn\u0105. Nasze us\u0142ugi s\u0105 dostosowane do indywidualnych potrzeb klient\u00f3w, zapewniaj\u0105c stabilno\u015b\u0107, wydajno\u015b\u0107 i bezpiecze\u0144stwo infrastruktury IT.<\/p>\n\n\n\n<div class=\"wp-block-buttons is-layout-flex wp-block-buttons-is-layout-flex\">\n<div class=\"wp-block-button\" style=\"font-style:normal;font-weight:500\"><a class=\"wp-block-button__link has-white-color has-text-color has-link-color wp-element-button\" href=\"https:\/\/defensys.pl\/index.php\/oferta\/wsparcie\/\" style=\"border-radius:7px;padding-top:var(--wp--preset--spacing--40);padding-right:var(--wp--preset--spacing--50);padding-bottom:var(--wp--preset--spacing--40);padding-left:var(--wp--preset--spacing--50)\">Zobacz wi\u0119cej<\/a><\/div>\n<\/div>\n<\/div>\n<\/div>\n<\/div>\n\n\n\n<div class=\"wp-block-group has-primary-background-color has-background is-layout-constrained wp-container-core-group-is-layout-bc748be1 wp-block-group-is-layout-constrained\" style=\"padding-top:var(--wp--preset--spacing--80);padding-right:var(--wp--preset--spacing--40);padding-bottom:var(--wp--preset--spacing--80);padding-left:var(--wp--preset--spacing--40)\">\n<h2 class=\"wp-block-heading has-text-align-center nas-consulting-lite-fade-up\">Jeste\u015b zainteresowany nasz\u0105 ofert\u0105? <\/h2>\n\n\n\n<div class=\"wp-block-buttons nas-consulting-lite-zoom-in delay-1s is-content-justification-center is-layout-flex wp-container-core-buttons-is-layout-8074a74b wp-block-buttons-is-layout-flex\" style=\"margin-top:30px;padding-top:0;padding-bottom:0\">\n<div class=\"wp-block-button has-custom-font-size is-style-button-hover-secondary-bgcolor is-style-fill has-normal-font-size\" style=\"font-style:normal;font-weight:500\"><a class=\"wp-block-button__link has-dark-color-color has-white-background-color has-text-color has-background has-link-color wp-element-button\" href=\"https:\/\/defensys.pl\/index.php\/kontakt\/\" style=\"border-radius:7px;padding-top:var(--wp--preset--spacing--40);padding-right:var(--wp--preset--spacing--70);padding-bottom:var(--wp--preset--spacing--40);padding-left:var(--wp--preset--spacing--70)\">Skontaktuj si\u0119 z nami!<\/a><\/div>\n<\/div>\n<\/div>\n<\/main>\n","protected":false},"excerpt":{"rendered":"","protected":false},"author":1,"featured_media":0,"parent":0,"menu_order":0,"comment_status":"closed","ping_status":"closed","template":"blank-with-header-footer","meta":{"footnotes":""},"class_list":["post-444","page","type-page","status-publish","hentry"],"_links":{"self":[{"href":"https:\/\/defensys.pl\/index.php\/wp-json\/wp\/v2\/pages\/444","targetHints":{"allow":["GET"]}}],"collection":[{"href":"https:\/\/defensys.pl\/index.php\/wp-json\/wp\/v2\/pages"}],"about":[{"href":"https:\/\/defensys.pl\/index.php\/wp-json\/wp\/v2\/types\/page"}],"author":[{"embeddable":true,"href":"https:\/\/defensys.pl\/index.php\/wp-json\/wp\/v2\/users\/1"}],"replies":[{"embeddable":true,"href":"https:\/\/defensys.pl\/index.php\/wp-json\/wp\/v2\/comments?post=444"}],"version-history":[{"count":3,"href":"https:\/\/defensys.pl\/index.php\/wp-json\/wp\/v2\/pages\/444\/revisions"}],"predecessor-version":[{"id":448,"href":"https:\/\/defensys.pl\/index.php\/wp-json\/wp\/v2\/pages\/444\/revisions\/448"}],"wp:attachment":[{"href":"https:\/\/defensys.pl\/index.php\/wp-json\/wp\/v2\/media?parent=444"}],"curies":[{"name":"wp","href":"https:\/\/api.w.org\/{rel}","templated":true}]}}